{"id":2505,"date":"2021-04-29T12:37:36","date_gmt":"2021-04-29T10:37:36","guid":{"rendered":"http:\/\/nbmkaes.cluster027.hosting.ovh.net\/?page_id=2505"},"modified":"2021-05-04T11:49:47","modified_gmt":"2021-05-04T09:49:47","slug":"politique-et-engagement-de-la-direction","status":"publish","type":"page","link":"https:\/\/lafarandole.ma\/index.php\/politique-et-engagement-de-la-direction\/","title":{"rendered":"POLITIQUE ET ENGAGEMENT DE LA DIRECTION"},"content":{"rendered":"<h4><span style=\"color: #0b3655; line-height: 30px;\">Depuis sa fondation par Feu M. CHABACH Ahmed en 2006, le groupe scolaire La Farandole s\u2019est engag\u00e9 \u00e0 satisfaire les besoins et les attentes des enfants apprenants de la cr\u00e8che, la maternelle et du primaire en assurant un service \u00e9ducatif de qualit\u00e9.<\/span><\/h4>\n<h4><span style=\"color: #0b3655; line-height: 30px;\">Pour cela, il s&rsquo;investit activement dans une d\u00e9marche d&rsquo;am\u00e9lioration continue par la mise en place d&rsquo;un syst\u00e8me de management des organismes d&rsquo;\u00e9ducation selon la norme internationale ISO 21001 version 2018.<\/span><\/h4>\n<h4><span style=\"color: #0b3655; line-height: 30px;\">Cette d\u00e9marche qui r\u00e9pond de mani\u00e8re strat\u00e9gique aux exigences des enfants apprenants et des autres b\u00e9n\u00e9ficiaires est susceptible de renforcer l&rsquo;excellence de nos services \u00e9ducatifs aupr\u00e8s des parents, des tuteurs l\u00e9gaux et de l&rsquo;acad\u00e9mie r\u00e9gionale d&rsquo;\u00e9ducation.<\/span><\/h4>\n<h4><span style=\"color: #0b3655; line-height: 30px;\">La qualit\u00e9 est un atout pour le Groupe scolaire La Farandole afin de structurer ses activit\u00e9s, d&rsquo;am\u00e9liorer ses performances et de valoriser le travail du personnel dans un cadre professionnel.<\/span><\/h4>\n<h4><span style=\"color: #0b3655; line-height: 30px;\">Les principaux axes strat\u00e9giques \u00e0 mettre en oeuvre auront pour objectif de :<\/span><\/h4>\n<ul>\n<li style=\"list-style-type: none;\">\n<ul>\n<li>\n<h4><span style=\"color: #0b3655; line-height: 30px;\">Maintenir et d\u00e9velopper notre notori\u00e9t\u00e9 et nos parts de march\u00e9 ;<\/span><\/h4>\n<\/li>\n<li>\n<h4><span style=\"color: #0b3655; line-height: 30px;\">Renforcer la performance scolaire de tous les \u00e9l\u00e8ves ;<\/span><\/h4>\n<\/li>\n<li>\n<h4><span style=\"color: #0b3655; line-height: 30px;\">Assurer le d\u00e9veloppement du capital humain ;<\/span><\/h4>\n<\/li>\n<li>\n<h4><span style=\"color: #0b3655; line-height: 30px;\">Am\u00e9liorer la rentabilit\u00e9 et la fluidit\u00e9 financi\u00e8re du groupe scolaire ;<\/span><\/h4>\n<\/li>\n<li>\n<h4><span style=\"color: #0b3655; line-height: 30px;\">Assurer l&rsquo;efficacit\u00e9 et l&rsquo;am\u00e9lioration continue du Syst\u00e8me de management des organismes d\u2019\u00e9ducation ;<\/span><\/h4>\n<\/li>\n<li>\n<h4><span style=\"color: #0b3655; line-height: 30px;\">Int\u00e9grer les meilleurs fournisseurs et d\u00e9velopper les bonnes relations d\u2019affaires;<\/span><\/h4>\n<\/li>\n<li>\n<h4><span style=\"color: #0b3655; line-height: 30px;\">En engageant une d\u00e9marche d&rsquo;am\u00e9lioration continue, le groupe scolaire La Farandole a plac\u00e9 d&#8217;embl\u00e9e la satisfaction des apprenants, des parents et tuteurs l\u00e9gaux au coeur de ses pr\u00e9occupations et de ses d\u00e9cisions :<\/span><\/h4>\n<\/li>\n<li>\n<h4><span style=\"color: #0b3655; line-height: 30px;\">L&rsquo;\u00e9cole s&rsquo;engage \u00e0 satisfaire les exigences applicables et \u00e0 cr\u00e9er les conditions d&rsquo;apprentissage ad\u00e9quates pour permettre aux apprenants de d\u00e9velopper pleinement leur potentiel et acqu\u00e9rir les comp\u00e9tences n\u00e9cessaires pour une int\u00e9gration r\u00e9ussie dans la soci\u00e9t\u00e9.\u00a0<\/span><\/h4>\n<\/li>\n<li>\n<h4><span style=\"color: #0b3655; line-height: 30px;\">L&rsquo;\u00e9cole s&rsquo;engage vis-\u00e0-vis des parents et des tuteurs l\u00e9gaux \u00e0 les impliquer dans le processus d&rsquo;\u00e9ducation, d&rsquo;enseignement et d&rsquo;am\u00e9lioration continue ;<\/span><\/h4>\n<\/li>\n<li>\n<h4><span style=\"color: #0b3655; line-height: 30px;\">L&rsquo;\u00e9cole s&rsquo;engage dans la satisfaction du personnel en lui mettant \u00e0 disposition un cadre de travail performant, \u00e0 favoriser le travail collaboratif, \u00e0 reconna\u00eetre les activit\u00e9s de chacun dans ses fonctions d&rsquo;acteur d&rsquo;un processus et \u00e0 lui proposer les formations adapt\u00e9es.<\/span><\/h4>\n<\/li>\n<li>\n<h4><span style=\"color: #0b3655; line-height: 30px;\">L&rsquo;\u00e9cole s&rsquo;engage dans la veille des \u00e9volutions p\u00e9dagogiques, didactiques, scientifiques et techniques pertinentes au niveau national et international ;<\/span><\/h4>\n<\/li>\n<li>\n<h4><span style=\"color: #0b3655; line-height: 30px;\">L&rsquo;\u00e9cole s&rsquo;engage dans le respect et la protection de la propri\u00e9t\u00e9 intellectuelle de toute partie int\u00e9ress\u00e9e lorsqu&rsquo;elle se trouve sous son contr\u00f4le ou qu&rsquo;elle l&rsquo;utilise ;<\/span><\/h4>\n<\/li>\n<li>\n<h4><span style=\"color: #0b3655; line-height: 30px;\">L&rsquo;\u00e9cole s&rsquo;engage aussi de satisfaire a\u0300 la responsabilit\u00e9 soci\u00e9tale par la contribution au d\u00e9veloppement durable, y compris a\u0300 une \u00e9ducation de qualit\u00e9 pour tous, a\u0300 la sante\u0301 et a\u0300 la\u00a0s\u00e9curit\u00e9 ainsi qu\u2019au bien-\u00eatre de la soci\u00e9t\u00e9 ;<\/span><\/h4>\n<\/li>\n<\/ul>\n<\/li>\n<\/ul>\n<h4><span style=\"color: #0b3655; line-height: 30px;\">La direction sollicite l\u2019implication forte de l&rsquo;ensemble des collaborateurs dans cette d\u00e9marche d&rsquo;am\u00e9lioration continue et une mise en oeuvre rigoureuse des processus et remercie chacun d&rsquo;entre eux pour leur participation. De notre part, on s&rsquo;engage \u00e0 d\u00e9velopper et \u00e0 soutenir cette d\u00e9marche en v\u00e9rifiant que notre syst\u00e8me de management des organismes d&rsquo;\u00e9ducation soit adapt\u00e9 \u00e0 nos besoins, que les moyens et les ressources n\u00e9cessaires \u00e0 son application soient disponibles. Notre ambition est d\u00e9sormais de faire conna\u00eetre et reconna\u00eetre cette d\u00e9marche par l&rsquo;obtention de la certification internationale ISO 21001 version 2018.<\/span><\/h4>\n<p>&nbsp;<\/p>\n<h3 style=\"text-align: center;\"><span style=\"color: #0b3655;\">Direction<\/span><br \/>\n<span style=\"color: #0b3655;\">Groupe Scolaire LA FARANDOLE<\/span><\/h3>\n<p>&nbsp;<\/p>\n","protected":false},"excerpt":{"rendered":"<p>Depuis sa fondation par Feu M. CHABACH Ahmed en 2006, le groupe scolaire La Farandole s\u2019est engag\u00e9 \u00e0 satisfaire les besoins et les attentes des enfants apprenants de la cr\u00e8che, la maternelle et du primaire en assurant un service \u00e9ducatif de qualit\u00e9. Pour cela, il s&rsquo;investit activement dans une d\u00e9marche d&rsquo;am\u00e9lioration continue par la mise&hellip;<\/p>\n","protected":false},"author":1,"featured_media":0,"parent":0,"menu_order":0,"comment_status":"closed","ping_status":"closed","template":"","meta":[],"class_list":["post-2505","page","type-page","status-publish","hentry","description-off"],"_links":{"self":[{"href":"https:\/\/lafarandole.ma\/index.php\/wp-json\/wp\/v2\/pages\/2505","targetHints":{"allow":["GET"]}}],"collection":[{"href":"https:\/\/lafarandole.ma\/index.php\/wp-json\/wp\/v2\/pages"}],"about":[{"href":"https:\/\/lafarandole.ma\/index.php\/wp-json\/wp\/v2\/types\/page"}],"author":[{"embeddable":true,"href":"https:\/\/lafarandole.ma\/index.php\/wp-json\/wp\/v2\/users\/1"}],"replies":[{"embeddable":true,"href":"https:\/\/lafarandole.ma\/index.php\/wp-json\/wp\/v2\/comments?post=2505"}],"version-history":[{"count":6,"href":"https:\/\/lafarandole.ma\/index.php\/wp-json\/wp\/v2\/pages\/2505\/revisions"}],"predecessor-version":[{"id":2546,"href":"https:\/\/lafarandole.ma\/index.php\/wp-json\/wp\/v2\/pages\/2505\/revisions\/2546"}],"wp:attachment":[{"href":"https:\/\/lafarandole.ma\/index.php\/wp-json\/wp\/v2\/media?parent=2505"}],"curies":[{"name":"wp","href":"https:\/\/api.w.org\/{rel}","templated":true}]}}