{"id":2424,"date":"2021-04-26T13:52:46","date_gmt":"2021-04-26T11:52:46","guid":{"rendered":"http:\/\/nbmkaes.cluster027.hosting.ovh.net\/?page_id=2424"},"modified":"2021-05-06T15:21:31","modified_gmt":"2021-05-06T15:21:31","slug":"service-permanence-sortie","status":"publish","type":"page","link":"https:\/\/lafarandole.ma\/index.php\/service-permanence-sortie\/","title":{"rendered":"SERVICE PERMANENCE SORTIE"},"content":{"rendered":"<div class=\"wpb-content-wrapper\"><p>[vc_row][vc_column]<div class=\"dt-fancy-separator h3-size\" style=\"width: 100%;\"><div class=\"dt-fancy-title\"><span class=\"separator-holder separator-left\"><\/span>Un service Permanence \u00e0 la Sortie pour offrir aux parents plus de flexibilit\u00e9<span class=\"separator-holder separator-right\"><\/span><\/div><\/div>[vc_empty_space][\/vc_column][\/vc_row][vc_row][vc_column width=\u00a0\u00bb1\/2&Prime;][vc_column_text]<\/p>\n<h2><span style=\"color: #1c66a0;\"><b>Permanence \u00e0 la sortie<\/b><\/span><\/h2>\n<p><span style=\"font-weight: 400;\">Nous sommes conscients des difficult\u00e9s pour les parents d\u2019arriver \u00e0 temps pour r\u00e9cup\u00e9rer leurs enfants \u00e0 l\u2019\u00e9cole, c\u2019est pour cela que nous avons pens\u00e9 \u00e0 instaurer un service suppl\u00e9mentaire pour garder les enfants en toute s\u00e9curit\u00e9.<\/span><\/p>\n<p><span style=\"font-weight: 400;\">Cette garde suppl\u00e9mentaire commence \u00e0 16H30 et dure une heure.<\/span><\/p>\n<h2><span style=\"color: #1c66a0;\"><b>Inscriptions<\/b><\/span><\/h2>\n<p><span style=\"font-weight: 400;\">Les parents int\u00e9ress\u00e9s sont invit\u00e9s \u00e0 contacter l&rsquo;administration de l&rsquo;\u00e9cole. <\/span>[\/vc_column_text]<style type=\"text\/css\" data-type=\"the7_shortcodes-inline-css\">#default-btn-e1029ffe49625b0254358a303042cae7.ico-right-side > i {\n  margin-right: 0px;\n  margin-left: 8px;\n}\n#default-btn-e1029ffe49625b0254358a303042cae7 > i {\n  margin-right: 8px;\n}\n#default-btn-e1029ffe49625b0254358a303042cae7 * {\n  vertical-align: middle;\n}\n<\/style><div class=\"btn-align-center\"><a href=\"https:\/\/lafarandole.ma\/#SERVICE\" class=\"default-btn-shortcode dt-btn dt-btn-l fadeInLeft animate-element animation-builder link-hover-off full-width-btn \" id=\"default-btn-e1029ffe49625b0254358a303042cae7\"><i class=\"fas fa-concierge-bell\"><\/i><span>Services Scolaires<\/span><\/a><\/div>[\/vc_column][vc_column width=\u00a0\u00bb1\/2&Prime;][vc_single_image image=\u00a0\u00bb2434&Prime; img_size=\u00a0\u00bbfull\u00a0\u00bb]<div class=\"dt-fancy-separator h4-size\" style=\"width: 100%;\"><div class=\"dt-fancy-title\"><span class=\"separator-holder separator-left\"><\/span>Assurez-vous de saisir une information valide<span class=\"separator-holder separator-right\"><\/span><\/div><\/div>[vc_empty_space height=\u00a0\u00bb15px\u00a0\u00bb]<style type=\"text\/css\" data-type=\"the7_shortcodes-inline-css\">#default-btn-417e281954fb0d3e7290ef87c7df3cbb.ico-right-side > i {\n  margin-right: 0px;\n  margin-left: 8px;\n}\n#default-btn-417e281954fb0d3e7290ef87c7df3cbb > i {\n  margin-right: 8px;\n}\n#default-btn-417e281954fb0d3e7290ef87c7df3cbb * {\n  vertical-align: middle;\n}\n<\/style><div class=\"btn-align-center\"><a href=\"https:\/\/forms.office.com\/Pages\/ResponsePage.aspx?id=YPmXBK8FkkWk2yMyTaK42lkTjNXpSHZOsJqN7LtfVnlURTNPREFaTVA3WTYxT0tLWk9WN1U2TExCRy4u\" class=\"default-btn-shortcode dt-btn dt-btn-l fadeInLeft animate-element animation-builder link-hover-off \" target=\"_blank\" id=\"default-btn-417e281954fb0d3e7290ef87c7df3cbb\" rel=\"noopener\"><i class=\"fas fa-user-edit\"><\/i><span>PRENDRE RDV MAINTENANT<\/span><\/a><\/div>[\/vc_column][\/vc_row]<\/p>\n<\/div>","protected":false},"excerpt":{"rendered":"<p>[vc_row][vc_column][vc_empty_space][\/vc_column][\/vc_row][vc_row][vc_column width=\u00a0\u00bb1\/2&Prime;][vc_column_text] Permanence \u00e0 la sortie Nous sommes conscients des difficult\u00e9s pour les parents d\u2019arriver \u00e0 temps pour r\u00e9cup\u00e9rer leurs enfants \u00e0 l\u2019\u00e9cole, c\u2019est pour cela que nous avons pens\u00e9 \u00e0 instaurer un service suppl\u00e9mentaire pour garder les enfants en toute s\u00e9curit\u00e9. Cette garde suppl\u00e9mentaire commence \u00e0 16H30 et dure une heure. Inscriptions Les parents&hellip;<\/p>\n","protected":false},"author":1,"featured_media":0,"parent":0,"menu_order":0,"comment_status":"closed","ping_status":"closed","template":"","meta":[],"class_list":["post-2424","page","type-page","status-publish","hentry","description-off"],"_links":{"self":[{"href":"https:\/\/lafarandole.ma\/index.php\/wp-json\/wp\/v2\/pages\/2424","targetHints":{"allow":["GET"]}}],"collection":[{"href":"https:\/\/lafarandole.ma\/index.php\/wp-json\/wp\/v2\/pages"}],"about":[{"href":"https:\/\/lafarandole.ma\/index.php\/wp-json\/wp\/v2\/types\/page"}],"author":[{"embeddable":true,"href":"https:\/\/lafarandole.ma\/index.php\/wp-json\/wp\/v2\/users\/1"}],"replies":[{"embeddable":true,"href":"https:\/\/lafarandole.ma\/index.php\/wp-json\/wp\/v2\/comments?post=2424"}],"version-history":[{"count":5,"href":"https:\/\/lafarandole.ma\/index.php\/wp-json\/wp\/v2\/pages\/2424\/revisions"}],"predecessor-version":[{"id":2637,"href":"https:\/\/lafarandole.ma\/index.php\/wp-json\/wp\/v2\/pages\/2424\/revisions\/2637"}],"wp:attachment":[{"href":"https:\/\/lafarandole.ma\/index.php\/wp-json\/wp\/v2\/media?parent=2424"}],"curies":[{"name":"wp","href":"https:\/\/api.w.org\/{rel}","templated":true}]}}