{"id":2379,"date":"2021-04-23T13:51:47","date_gmt":"2021-04-23T11:51:47","guid":{"rendered":"http:\/\/nbmkaes.cluster027.hosting.ovh.net\/?page_id=2379"},"modified":"2026-04-20T10:37:51","modified_gmt":"2026-04-20T09:37:51","slug":"service-de-la-cantine","status":"publish","type":"page","link":"https:\/\/lafarandole.ma\/index.php\/service-de-la-cantine\/","title":{"rendered":"SERVICE DE LA CANTINE"},"content":{"rendered":"<div class=\"wpb-content-wrapper\"><p>[vc_row][vc_column]<div class=\"dt-fancy-separator h3-size\" style=\"width: 100%;\"><div class=\"dt-fancy-title\"><span class=\"separator-holder separator-left\"><\/span>Des repas sains et \u00e9quilibr\u00e9s avec notre service de la Cantine Scolaire certifi\u00e9 ISO 21001<span class=\"separator-holder separator-right\"><\/span><\/div><\/div>[vc_empty_space][\/vc_column][\/vc_row][vc_row][vc_column width=\u00a0\u00bb1\/2&Prime;][vc_column_text]<span style=\"font-weight: 400;\">Le GSFA est le seul \u00e9tablissement au Maroc \u00e0 proposer un service de la cantine scolaire certifi\u00e9 selon la norme internationale ISO 21001.<\/span><\/p>\n<p><span style=\"font-weight: 400;\">Une alimentation saine et \u00e9quilibr\u00e9e est indispensable pour la bonne sant\u00e9 de votre enfant, c\u2019est pourquoi, au GSFA nous sensibilisons nos \u00e9l\u00e8ves \u00e0 une meilleure prise en charge de leur alimentation et de leur \u00e9tat de sant\u00e9 et nous contribuons \u00e0 combler leurs besoins alimentaires par des repas sains, vari\u00e9s et \u00e9quilibr\u00e9s.<\/span><\/p>\n<h2><span style=\"color: #1c66a0;\"><b>Des menus sains et vari\u00e9s<\/b><\/span><\/h2>\n<p><span style=\"font-weight: 400;\">Nous diversifions nos menus selon les saisons afin de garantir une fra\u00eecheur maximale de nos aliments.\u00a0<\/span><\/p>\n<p><span style=\"font-weight: 400;\">Une enqu\u00eate de satisfaction aupr\u00e8s de nos \u00e9l\u00e8ves est r\u00e9guli\u00e8rement faite pour \u00eatre toujours \u00e0 leur \u00e9coute et am\u00e9liorer continuellement les repas que nous servons.<\/span><\/p>\n<h2><span style=\"color: #1c66a0;\"><b>Inscriptions<\/b><\/span><\/h2>\n<p><span style=\"font-weight: 400;\">Les parents int\u00e9ress\u00e9s sont invit\u00e9s \u00e0 contacter l&rsquo;administration de l&rsquo;\u00e9cole. <\/span>[\/vc_column_text]<style type=\"text\/css\" data-type=\"the7_shortcodes-inline-css\">#default-btn-fdb2d53ad3d855c77611a53bf39c081c.ico-right-side > i {\n  margin-right: 0px;\n  margin-left: 8px;\n}\n#default-btn-fdb2d53ad3d855c77611a53bf39c081c > i {\n  margin-right: 8px;\n}\n#default-btn-fdb2d53ad3d855c77611a53bf39c081c * {\n  vertical-align: middle;\n}\n<\/style><div class=\"btn-align-left\"><a href=\"https:\/\/lafarandole.ma\/wp-content\/uploads\/2026\/04\/Menu-mois-de-Avril-2025-2026.pdf\" class=\"default-btn-shortcode dt-btn dt-btn-l fadeInLeft animate-element animation-builder link-hover-off \" id=\"default-btn-fdb2d53ad3d855c77611a53bf39c081c\" rel=\"nofollow\"><i class=\"fas fa-concierge-bell\"><\/i><span>Menu mensuel<\/span><\/a><\/div>[\/vc_column][vc_column width=\u00a0\u00bb1\/2&Prime;][vc_single_image image=\u00a0\u00bb2393&Prime; img_size=\u00a0\u00bbfull\u00a0\u00bb][\/vc_column][\/vc_row][vc_row][vc_column width=\u00a0\u00bb1\/2&Prime;][vc_empty_space height=\u00a0\u00bb37px\u00a0\u00bb]<style type=\"text\/css\" data-type=\"the7_shortcodes-inline-css\">#default-btn-e1029ffe49625b0254358a303042cae7.ico-right-side > i {\n  margin-right: 0px;\n  margin-left: 8px;\n}\n#default-btn-e1029ffe49625b0254358a303042cae7 > i {\n  margin-right: 8px;\n}\n#default-btn-e1029ffe49625b0254358a303042cae7 * {\n  vertical-align: middle;\n}\n<\/style><div class=\"btn-align-center\"><a href=\"https:\/\/lafarandole.ma\/#SERVICE\" class=\"default-btn-shortcode dt-btn dt-btn-l fadeInLeft animate-element animation-builder link-hover-off full-width-btn \" id=\"default-btn-e1029ffe49625b0254358a303042cae7\"><i class=\"fas fa-concierge-bell\"><\/i><span>Services Scolaires<\/span><\/a><\/div>[\/vc_column][vc_column width=\u00a0\u00bb1\/2&Prime;]<div class=\"dt-fancy-separator h4-size\" style=\"width: 100%;\"><div class=\"dt-fancy-title\"><span class=\"separator-holder separator-left\"><\/span>Assurez-vous de saisir une information valide<span class=\"separator-holder separator-right\"><\/span><\/div><\/div>[vc_empty_space height=\u00a0\u00bb15px\u00a0\u00bb]<style type=\"text\/css\" data-type=\"the7_shortcodes-inline-css\">#default-btn-417e281954fb0d3e7290ef87c7df3cbb.ico-right-side > i {\n  margin-right: 0px;\n  margin-left: 8px;\n}\n#default-btn-417e281954fb0d3e7290ef87c7df3cbb > i {\n  margin-right: 8px;\n}\n#default-btn-417e281954fb0d3e7290ef87c7df3cbb * {\n  vertical-align: middle;\n}\n<\/style><div class=\"btn-align-center\"><a href=\"https:\/\/forms.office.com\/Pages\/ResponsePage.aspx?id=YPmXBK8FkkWk2yMyTaK42lkTjNXpSHZOsJqN7LtfVnlURTNPREFaTVA3WTYxT0tLWk9WN1U2TExCRy4u\" class=\"default-btn-shortcode dt-btn dt-btn-l fadeInLeft animate-element animation-builder link-hover-off \" target=\"_blank\" id=\"default-btn-417e281954fb0d3e7290ef87c7df3cbb\" rel=\"noopener\"><i class=\"fas fa-user-edit\"><\/i><span>PRENDRE RDV MAINTENANT<\/span><\/a><\/div>[\/vc_column][\/vc_row]<\/p>\n<\/div>","protected":false},"excerpt":{"rendered":"<p>[vc_row][vc_column][vc_empty_space][\/vc_column][\/vc_row][vc_row][vc_column width=\u00a0\u00bb1\/2&Prime;][vc_column_text]Le GSFA est le seul \u00e9tablissement au Maroc \u00e0 proposer un service de la cantine scolaire certifi\u00e9 selon la norme internationale ISO 21001. Une alimentation saine et \u00e9quilibr\u00e9e est indispensable pour la bonne sant\u00e9 de votre enfant, c\u2019est pourquoi, au GSFA nous sensibilisons nos \u00e9l\u00e8ves \u00e0 une meilleure prise en charge de leur alimentation&hellip;<\/p>\n","protected":false},"author":1,"featured_media":0,"parent":0,"menu_order":0,"comment_status":"closed","ping_status":"closed","template":"","meta":[],"class_list":["post-2379","page","type-page","status-publish","hentry","description-off"],"_links":{"self":[{"href":"https:\/\/lafarandole.ma\/index.php\/wp-json\/wp\/v2\/pages\/2379","targetHints":{"allow":["GET"]}}],"collection":[{"href":"https:\/\/lafarandole.ma\/index.php\/wp-json\/wp\/v2\/pages"}],"about":[{"href":"https:\/\/lafarandole.ma\/index.php\/wp-json\/wp\/v2\/types\/page"}],"author":[{"embeddable":true,"href":"https:\/\/lafarandole.ma\/index.php\/wp-json\/wp\/v2\/users\/1"}],"replies":[{"embeddable":true,"href":"https:\/\/lafarandole.ma\/index.php\/wp-json\/wp\/v2\/comments?post=2379"}],"version-history":[{"count":106,"href":"https:\/\/lafarandole.ma\/index.php\/wp-json\/wp\/v2\/pages\/2379\/revisions"}],"predecessor-version":[{"id":3177,"href":"https:\/\/lafarandole.ma\/index.php\/wp-json\/wp\/v2\/pages\/2379\/revisions\/3177"}],"wp:attachment":[{"href":"https:\/\/lafarandole.ma\/index.php\/wp-json\/wp\/v2\/media?parent=2379"}],"curies":[{"name":"wp","href":"https:\/\/api.w.org\/{rel}","templated":true}]}}