{"id":2345,"date":"2021-04-22T13:52:34","date_gmt":"2021-04-22T11:52:34","guid":{"rendered":"http:\/\/nbmkaes.cluster027.hosting.ovh.net\/?page_id=2345"},"modified":"2021-05-06T15:18:58","modified_gmt":"2021-05-06T15:18:58","slug":"service-de-transport","status":"publish","type":"page","link":"https:\/\/lafarandole.ma\/index.php\/service-de-transport\/","title":{"rendered":"SERVICE DE TRANSPORT"},"content":{"rendered":"<div class=\"wpb-content-wrapper\"><p>[vc_row][vc_column]<div class=\"dt-fancy-separator h3-size\" style=\"width: 100%;\"><div class=\"dt-fancy-title\"><span class=\"separator-holder separator-left\"><\/span>S\u00e9curit\u00e9 et Bien-\u00eatre avec notre service de Transport Scolaire certifi\u00e9 ISO 21001<span class=\"separator-holder separator-right\"><\/span><\/div><\/div>[vc_empty_space][\/vc_column][\/vc_row][vc_row][vc_column width=\u00a0\u00bb1\/2&Prime;][vc_column_text]<span style=\"font-weight: 400;\">Le <strong>GSFA<\/strong> propose un service de transport scolaire s\u00e9curis\u00e9 qui assure la locomotion de nos \u00e9l\u00e8ves de leur domicile jusqu\u2019\u00e0 nos locaux. Nous contr\u00f4lons rigoureusement le bon fonctionnement de nos bus scolaires et veillons m\u00e9ticuleusement au respect des conditions optimales de s\u00e9curit\u00e9 et de confort pour nos enfants.<\/span><\/p>\n<h2><span style=\"color: #1c66a0;\"><b>De nombreux circuits<\/b><\/span><\/h2>\n<p><span style=\"font-weight: 400;\">Plusieurs circuits sont disponibles autour du secteur Casa-Anfa. <\/span><\/p>\n<p><span style=\"font-weight: 400;\">D\u2019autres parcours peuvent \u00eatre mis en place en fonction de la demande des parents.<\/span><\/p>\n<p><span style=\"font-weight: 400;\">Les quartiers desservis actuellement par notre Parc de Transport :<\/span><\/p>\n<ol>\n<li style=\"font-weight: 400;\" aria-level=\"1\"><span style=\"font-weight: 400;\">Haj Fateh<\/span><\/li>\n<li style=\"font-weight: 400;\" aria-level=\"1\"><span style=\"font-weight: 400;\">Zoubir<\/span><\/li>\n<li style=\"font-weight: 400;\" aria-level=\"1\"><span style=\"font-weight: 400;\">Farah Essalam<\/span><\/li>\n<li style=\"font-weight: 400;\" aria-level=\"1\"><span style=\"font-weight: 400;\">Khouzama<\/span><\/li>\n<li style=\"font-weight: 400;\" aria-level=\"1\"><span style=\"font-weight: 400;\">Al Firdaous<\/span><\/li>\n<li style=\"font-weight: 400;\" aria-level=\"1\"><span style=\"font-weight: 400;\">Oum Rabiaa<\/span><\/li>\n<li style=\"font-weight: 400;\" aria-level=\"1\"><span style=\"font-weight: 400;\">Mazola<\/span><\/li>\n<li style=\"font-weight: 400;\" aria-level=\"1\"><span style=\"font-weight: 400;\">Hay Hassani<\/span><\/li>\n<li style=\"font-weight: 400;\" aria-level=\"1\"><span style=\"font-weight: 400;\">Ain Diab<\/span><\/li>\n<li style=\"font-weight: 400;\" aria-level=\"1\"><span style=\"font-weight: 400;\">S\u00e2ad El Kheir<\/span><\/li>\n<li style=\"font-weight: 400;\" aria-level=\"1\"><span style=\"font-weight: 400;\">Boulevard Abdelhadi Boutaleb<\/span><\/li>\n<li style=\"font-weight: 400;\" aria-level=\"1\"><span style=\"font-weight: 400;\">Riad Oulfa<\/span><\/li>\n<li style=\"font-weight: 400;\" aria-level=\"1\"><span style=\"font-weight: 400;\">M\u00e2arif<\/span><\/li>\n<li style=\"font-weight: 400;\" aria-level=\"1\"><span style=\"font-weight: 400;\">Beaus\u00e9jour<\/span><\/li>\n<li style=\"font-weight: 400;\" aria-level=\"1\"><span style=\"font-weight: 400;\">Dyour Nasrani<\/span><\/li>\n<li style=\"font-weight: 400;\" aria-level=\"1\"><span style=\"font-weight: 400;\">Hay Salam<\/span><\/li>\n<li style=\"font-weight: 400;\" aria-level=\"1\"><span style=\"font-weight: 400;\">Errahma<\/span><\/li>\n<li style=\"font-weight: 400;\" aria-level=\"1\"><span style=\"font-weight: 400;\">Alliance Darna<\/span><\/li>\n<\/ol>\n<h2><span style=\"color: #1c66a0;\"><b>Inscriptions<\/b><\/span><\/h2>\n<p><span style=\"font-weight: 400;\">Les parents int\u00e9ress\u00e9s sont invit\u00e9s \u00e0 contacter l&rsquo;administration de l&rsquo;\u00e9cole. <\/span>[\/vc_column_text]<style type=\"text\/css\" data-type=\"the7_shortcodes-inline-css\">#default-btn-e1029ffe49625b0254358a303042cae7.ico-right-side > i {\n  margin-right: 0px;\n  margin-left: 8px;\n}\n#default-btn-e1029ffe49625b0254358a303042cae7 > i {\n  margin-right: 8px;\n}\n#default-btn-e1029ffe49625b0254358a303042cae7 * {\n  vertical-align: middle;\n}\n<\/style><div class=\"btn-align-center\"><a href=\"https:\/\/lafarandole.ma\/#SERVICE\" class=\"default-btn-shortcode dt-btn dt-btn-l fadeInLeft animate-element animation-builder link-hover-off full-width-btn \" id=\"default-btn-e1029ffe49625b0254358a303042cae7\"><i class=\"fas fa-concierge-bell\"><\/i><span>Services Scolaires<\/span><\/a><\/div>[\/vc_column][vc_column width=\u00a0\u00bb1\/2&Prime;][vc_single_image image=\u00a0\u00bb2443&Prime; img_size=\u00a0\u00bbfull\u00a0\u00bb]<div class=\"dt-fancy-separator h4-size\" style=\"width: 100%;\"><div class=\"dt-fancy-title\"><span class=\"separator-holder separator-left\"><\/span>Assurez-vous de saisir une information valide<span class=\"separator-holder separator-right\"><\/span><\/div><\/div>[vc_empty_space height=\u00a0\u00bb15px\u00a0\u00bb]<style type=\"text\/css\" data-type=\"the7_shortcodes-inline-css\">#default-btn-417e281954fb0d3e7290ef87c7df3cbb.ico-right-side > i {\n  margin-right: 0px;\n  margin-left: 8px;\n}\n#default-btn-417e281954fb0d3e7290ef87c7df3cbb > i {\n  margin-right: 8px;\n}\n#default-btn-417e281954fb0d3e7290ef87c7df3cbb * {\n  vertical-align: middle;\n}\n<\/style><div class=\"btn-align-center\"><a href=\"https:\/\/forms.office.com\/Pages\/ResponsePage.aspx?id=YPmXBK8FkkWk2yMyTaK42lkTjNXpSHZOsJqN7LtfVnlURTNPREFaTVA3WTYxT0tLWk9WN1U2TExCRy4u\" class=\"default-btn-shortcode dt-btn dt-btn-l fadeInLeft animate-element animation-builder link-hover-off \" target=\"_blank\" id=\"default-btn-417e281954fb0d3e7290ef87c7df3cbb\" rel=\"noopener\"><i class=\"fas fa-user-edit\"><\/i><span>PRENDRE RDV MAINTENANT<\/span><\/a><\/div>[\/vc_column][\/vc_row]<\/p>\n<\/div>","protected":false},"excerpt":{"rendered":"<p>[vc_row][vc_column][vc_empty_space][\/vc_column][\/vc_row][vc_row][vc_column width=\u00a0\u00bb1\/2&Prime;][vc_column_text]Le GSFA propose un service de transport scolaire s\u00e9curis\u00e9 qui assure la locomotion de nos \u00e9l\u00e8ves de leur domicile jusqu\u2019\u00e0 nos locaux. Nous contr\u00f4lons rigoureusement le bon fonctionnement de nos bus scolaires et veillons m\u00e9ticuleusement au respect des conditions optimales de s\u00e9curit\u00e9 et de confort pour nos enfants. De nombreux circuits Plusieurs circuits sont&hellip;<\/p>\n","protected":false},"author":1,"featured_media":0,"parent":0,"menu_order":0,"comment_status":"closed","ping_status":"closed","template":"","meta":[],"class_list":["post-2345","page","type-page","status-publish","hentry","description-off"],"_links":{"self":[{"href":"https:\/\/lafarandole.ma\/index.php\/wp-json\/wp\/v2\/pages\/2345","targetHints":{"allow":["GET"]}}],"collection":[{"href":"https:\/\/lafarandole.ma\/index.php\/wp-json\/wp\/v2\/pages"}],"about":[{"href":"https:\/\/lafarandole.ma\/index.php\/wp-json\/wp\/v2\/types\/page"}],"author":[{"embeddable":true,"href":"https:\/\/lafarandole.ma\/index.php\/wp-json\/wp\/v2\/users\/1"}],"replies":[{"embeddable":true,"href":"https:\/\/lafarandole.ma\/index.php\/wp-json\/wp\/v2\/comments?post=2345"}],"version-history":[{"count":14,"href":"https:\/\/lafarandole.ma\/index.php\/wp-json\/wp\/v2\/pages\/2345\/revisions"}],"predecessor-version":[{"id":2634,"href":"https:\/\/lafarandole.ma\/index.php\/wp-json\/wp\/v2\/pages\/2345\/revisions\/2634"}],"wp:attachment":[{"href":"https:\/\/lafarandole.ma\/index.php\/wp-json\/wp\/v2\/media?parent=2345"}],"curies":[{"name":"wp","href":"https:\/\/api.w.org\/{rel}","templated":true}]}}