{"id":2330,"date":"2021-04-22T13:25:23","date_gmt":"2021-04-22T11:25:23","guid":{"rendered":"http:\/\/nbmkaes.cluster027.hosting.ovh.net\/?page_id=2330"},"modified":"2021-05-06T13:45:18","modified_gmt":"2021-05-06T13:45:18","slug":"le-primaire","status":"publish","type":"page","link":"https:\/\/lafarandole.ma\/index.php\/le-primaire\/","title":{"rendered":"LE PRIMAIRE"},"content":{"rendered":"<div class=\"wpb-content-wrapper\"><p>[vc_row][vc_column][vc_column_text]<span style=\"font-weight: 400; color: #333333;\">Au GSFA, notre programme d\u2019enseignement primaire privil\u00e9gie le d\u00e9veloppement intellectuel, social et \u00e9motionnel de chacun de nos \u00e9l\u00e8ves. Il se base sur la recherche et les projets de classes, mettant l\u2019enfant au c\u0153ur de l\u2019apprentissage ; c\u2019est lui-m\u00eame qui construit l\u2019ensemble des connaissances \u00e0 acqu\u00e9rir par le biais de l\u2019exp\u00e9rimentation, la manipulation et la r\u00e9flexion .<\/span> <span style=\"font-weight: 400; color: #333333;\">Notre syst\u00e8me d\u2019enseignement au primaire est un syst\u00e8me trilingue\u00a0: Arabe, Fran\u00e7ais, Anglais. Les programmes de la mati\u00e8re d\u2019Arabe\u00a0 sont dict\u00e9s par le minist\u00e8re de l&rsquo;enseignement national alors que ceux du Fran\u00e7ais se basent sur des supports p\u00e9dagogiques de la mission fran\u00e7aise.<\/span> <span style=\"color: #333333;\"><span style=\"font-weight: 400;\">Quant au programme d\u2019Anglais issu de l\u2019universit\u00e9 internationale <\/span>Cambridge University<b>, <\/b><span style=\"font-weight: 400;\">il<\/span> <span style=\"font-weight: 400;\">est structur\u00e9 de mani\u00e8re progressive pour couvrir les ann\u00e9es scolaires \u00e0 partir de la grande section de la maternelle jusqu\u2019\u00e0 la 6<\/span><span style=\"font-weight: 400;\">e<\/span><span style=\"font-weight: 400;\"> Ann\u00e9e d\u2019Enseignement Primaire.\u00a0<\/span><\/span> <span style=\"color: #333333;\"><span style=\"font-weight: 400;\">Ce programme permet \u00e0 nos \u00e9l\u00e8ves d\u2019obtenir trois dipl\u00f4mes durant leur cycle du primaire (starters, movers et flyers), remis par <\/span>Cambridge University<span style=\"font-weight: 400;\">.\u00a0<\/span><\/span> <span style=\"font-weight: 400; color: #333333;\">Afin de permettre \u00e0 nos \u00e9l\u00e8ves de r\u00e9ussir leur examen r\u00e9gional et les tests des coll\u00e8ges de la mission fran\u00e7aise, les math\u00e9matiques, les sciences naturelles et la technologie sont enseign\u00e9s \u00e0 la fois en fran\u00e7ais et en arabe.<\/span>[\/vc_column_text][\/vc_column][\/vc_row][vc_row][vc_column]<div class=\"dt-fancy-separator title-left h3-size accent-title-color\" style=\"width: 100%;\"><div class=\"dt-fancy-title\"><span class=\"separator-holder separator-left\" style=\"border-color: #1c66a0;\"><\/span>Une \u00e9cole connect\u00e9e :<span class=\"separator-holder separator-right\" style=\"border-color: #1c66a0;\"><\/span><\/div><\/div>[vc_empty_space][\/vc_column][\/vc_row][vc_row][vc_column][vc_column_text]<\/p>\n<h4><span style=\"color: #1c66a0;\"><b>La communication avec les parents<\/b><\/span><\/h4>\n<p><span style=\"color: #333333;\"><span style=\"font-weight: 400;\">Afin d\u2019assurer une communication efficace et un contact quotidien avec les parents d\u2019\u00e9l\u00e8ves, nous avons mis en place notre site web: <\/span><a style=\"color: #333333;\" href=\"http:\/\/www.lafarandole.ma\"><span style=\"font-weight: 400;\">www.lafarandole.ma<\/span><\/a><span style=\"font-weight: 400;\">, leur permettant, via un formulaire en ligne, de prendre rendez-vous pour un entretien avec l\u2019\u00e9quipe p\u00e9dagogique ou administrative en cas de besoin.<\/span><\/span>[\/vc_column_text][\/vc_column][\/vc_row][vc_row][vc_column][vc_column_text]<\/p>\n<h4><span style=\"color: #1c66a0;\"><b>La Smart school<\/b><\/span><\/h4>\n<p><span style=\"font-weight: 400; color: #333333;\">Le GSFA int\u00e8gre dans ses processus d\u2019enseignement les nouvelles technologies pour soutenir l\u2019apprentissage de ses \u00e9l\u00e8ves :<\/span><\/p>\n<ol>\n<li><span style=\"font-weight: 400; color: #333333;\">Toutes nos classes sont \u00e9quip\u00e9es de tableaux blancs interactifs.\u00a0<\/span><\/li>\n<li><span style=\"font-weight: 400; color: #333333;\">Nos classes \u00e0 distance permettent \u00e0 chaque \u00e9l\u00e8ve d\u2019interagir avec son enseignant et ses camarades de classes \u00e0 tout moment du cours.<\/span><\/li>\n<li><span style=\"font-weight: 400; color: #333333;\">Notre site web est une plateforme informative et dynamique permettant aux parents d\u2019\u00eatre continuellement inform\u00e9s de toutes les actualit\u00e9s de l\u2019\u00e9cole.<\/span><\/li>\n<\/ol>\n<p>[\/vc_column_text][\/vc_column][\/vc_row][vc_row][vc_column]<div class=\"dt-fancy-separator title-left h3-size accent-title-color\" style=\"width: 100%;\"><div class=\"dt-fancy-title\"><span class=\"separator-holder separator-left\" style=\"border-color: #1c66a0;\"><\/span>Le Syst\u00e8me d\u2019information MADARISS<span class=\"separator-holder separator-right\" style=\"border-color: #1c66a0;\"><\/span><\/div><\/div>[\/vc_column][\/vc_row][vc_row][vc_column width=\u00a0\u00bb1\/2&Prime;][vc_empty_space][vc_column_text]<\/p>\n<h4><span style=\"color: #1c66a0;\"><b>Le logiciel MADARISS :\u00a0<\/b><\/span><\/h4>\n<p><span style=\"font-weight: 400; color: #333333;\">Nous avons choisi le syst\u00e8me d\u2019informations scolaire modulaire -Madariss- pour ses nombreuses caract\u00e9ristiques et sa technologie avanc\u00e9e.<\/span> <span style=\"font-weight: 400; color: #333333;\">Il nous a permis de\u00a0 satisfaire nos besoins sp\u00e9cifiques et faciliter la gestion quotidienne de la vie scolaire de nos \u00e9l\u00e8ves (scolarit\u00e9, inscriptions, attestations, emplois du temps, bulletins scolaires, suivi des absences\u2026)\u00a0<\/span>[\/vc_column_text][vc_column_text]<\/p>\n<h4><span style=\"color: #1c66a0;\"><b>La plateforme E-MADARISS :\u00a0<\/b><\/span><\/h4>\n<p><span style=\"font-weight: 400; color: #333333;\">Gr\u00e2ce \u00e0 cette plateforme, l\u2019\u00e9cole devient connect\u00e9e et accessible \u00e0 tout moment de la maison ou de n\u2019importe quel autre endroit pour que les parents puissent int\u00e9grer la vie scolaire du GSFA.<\/span>[\/vc_column_text][\/vc_column][vc_column width=\u00a0\u00bb1\/2&Prime;][vc_single_image image=\u00a0\u00bb2334&Prime; img_size=\u00a0\u00bblarge\u00a0\u00bb alignment=\u00a0\u00bbcenter\u00a0\u00bb][\/vc_column][\/vc_row][vc_row][vc_column]<div class=\"dt-fancy-separator h4-size\" style=\"width: 100%;\"><div class=\"dt-fancy-title\"><span class=\"separator-holder separator-left\"><\/span>Assurez-vous de saisir une information valide<span class=\"separator-holder separator-right\"><\/span><\/div><\/div>[vc_empty_space height=\u00a0\u00bb15px\u00a0\u00bb]<style type=\"text\/css\" data-type=\"the7_shortcodes-inline-css\">#default-btn-011527254bc73c3e8e5fb62f9e3513f2.ico-right-side > i {\n  margin-right: 0px;\n  margin-left: 8px;\n}\n#default-btn-011527254bc73c3e8e5fb62f9e3513f2 > i {\n  margin-right: 8px;\n}\n#default-btn-011527254bc73c3e8e5fb62f9e3513f2 * {\n  vertical-align: middle;\n}\n<\/style><div class=\"btn-align-center\"><a href=\"https:\/\/lafarandole.ma\/index.php\/admissions\/\" class=\"default-btn-shortcode dt-btn dt-btn-l fadeInLeft animate-element animation-builder link-hover-off \" id=\"default-btn-011527254bc73c3e8e5fb62f9e3513f2\" title=\"ADMISSIONS\"><i class=\"fas fa-user-edit\"><\/i><span>PROCESSUS D&rsquo;ADMISSION<\/span><\/a><\/div>[vc_empty_space height=\u00a0\u00bb15px\u00a0\u00bb]<style type=\"text\/css\" data-type=\"the7_shortcodes-inline-css\">#default-btn-417e281954fb0d3e7290ef87c7df3cbb.ico-right-side > i {\n  margin-right: 0px;\n  margin-left: 8px;\n}\n#default-btn-417e281954fb0d3e7290ef87c7df3cbb > i {\n  margin-right: 8px;\n}\n#default-btn-417e281954fb0d3e7290ef87c7df3cbb * {\n  vertical-align: middle;\n}\n<\/style><div class=\"btn-align-center\"><a href=\"https:\/\/forms.office.com\/Pages\/ResponsePage.aspx?id=YPmXBK8FkkWk2yMyTaK42lkTjNXpSHZOsJqN7LtfVnlURTNPREFaTVA3WTYxT0tLWk9WN1U2TExCRy4u\" class=\"default-btn-shortcode dt-btn dt-btn-l fadeInLeft animate-element animation-builder link-hover-off \" target=\"_blank\" id=\"default-btn-417e281954fb0d3e7290ef87c7df3cbb\" rel=\"noopener\"><i class=\"fas fa-user-edit\"><\/i><span>PRENDRE RDV MAINTENANT<\/span><\/a><\/div>[\/vc_column][\/vc_row]<\/p>\n<\/div>","protected":false},"excerpt":{"rendered":"<p>[vc_row][vc_column][vc_column_text]Au GSFA, notre programme d\u2019enseignement primaire privil\u00e9gie le d\u00e9veloppement intellectuel, social et \u00e9motionnel de chacun de nos \u00e9l\u00e8ves. Il se base sur la recherche et les projets de classes, mettant l\u2019enfant au c\u0153ur de l\u2019apprentissage ; c\u2019est lui-m\u00eame qui construit l\u2019ensemble des connaissances \u00e0 acqu\u00e9rir par le biais de l\u2019exp\u00e9rimentation, la manipulation et la r\u00e9flexion&hellip;<\/p>\n","protected":false},"author":1,"featured_media":0,"parent":0,"menu_order":0,"comment_status":"closed","ping_status":"closed","template":"","meta":[],"class_list":["post-2330","page","type-page","status-publish","hentry","description-off"],"_links":{"self":[{"href":"https:\/\/lafarandole.ma\/index.php\/wp-json\/wp\/v2\/pages\/2330","targetHints":{"allow":["GET"]}}],"collection":[{"href":"https:\/\/lafarandole.ma\/index.php\/wp-json\/wp\/v2\/pages"}],"about":[{"href":"https:\/\/lafarandole.ma\/index.php\/wp-json\/wp\/v2\/types\/page"}],"author":[{"embeddable":true,"href":"https:\/\/lafarandole.ma\/index.php\/wp-json\/wp\/v2\/users\/1"}],"replies":[{"embeddable":true,"href":"https:\/\/lafarandole.ma\/index.php\/wp-json\/wp\/v2\/comments?post=2330"}],"version-history":[{"count":17,"href":"https:\/\/lafarandole.ma\/index.php\/wp-json\/wp\/v2\/pages\/2330\/revisions"}],"predecessor-version":[{"id":2631,"href":"https:\/\/lafarandole.ma\/index.php\/wp-json\/wp\/v2\/pages\/2330\/revisions\/2631"}],"wp:attachment":[{"href":"https:\/\/lafarandole.ma\/index.php\/wp-json\/wp\/v2\/media?parent=2330"}],"curies":[{"name":"wp","href":"https:\/\/api.w.org\/{rel}","templated":true}]}}