{"id":2236,"date":"2021-04-12T15:50:20","date_gmt":"2021-04-12T13:50:20","guid":{"rendered":"http:\/\/nbmkaes.cluster027.hosting.ovh.net\/?page_id=2236"},"modified":"2021-05-06T13:12:44","modified_gmt":"2021-05-06T13:12:44","slug":"notre-mission","status":"publish","type":"page","link":"https:\/\/lafarandole.ma\/index.php\/notre-mission\/","title":{"rendered":"NOTRE MISSION"},"content":{"rendered":"<div class=\"wpb-content-wrapper\"><p>[vc_row][vc_column width=\u00a0\u00bb1\/2&Prime;][vc_empty_space][vc_column_text]<\/p>\n<h4 style=\"margin: 0; display: block; font-size: 19px; line-height: 1.2em; margin-bottom: 10px;\">Vise \u00e0 inculquer \u00e0 chacun de nos \u00e9l\u00e8ves les enseignements \u00e0 approche biculturelle, pour construire et affirmer sa personnalit\u00e9 afin de devenir un Homme libre et responsable.<\/h4>\n<h3><span style=\"color: #ec7834;\"><b><img loading=\"lazy\" decoding=\"async\" class=\"alignnone size-full wp-image-2160\" src=\"https:\/\/lafarandole.ma\/wp-content\/uploads\/2021\/04\/ico-farondole.png\" alt=\"\" width=\"23\" height=\"17\" \/> Vers le savoir-\u00eatre\u00a0:<\/b><\/span><\/h3>\n<h4 style=\"margin: 0; display: block; font-size: 19px; line-height: 1.2em; margin-bottom: 10px;\">Epanouir chaque personnalit\u00e9 dans ses dons particuliers et d\u00e9velopper chez tout-un-chacun le sens du civisme et des valeurs, notamment le respect d\u2019autrui, le sens de l\u2019effort et des responsabilit\u00e9s, la tol\u00e9rance et la solidarit\u00e9.<\/h4>\n<h3><span style=\"color: #ec7834;\"><b><img loading=\"lazy\" decoding=\"async\" class=\"alignnone size-full wp-image-2160\" src=\"https:\/\/lafarandole.ma\/wp-content\/uploads\/2021\/04\/ico-farondole.png\" alt=\"\" width=\"23\" height=\"17\" \/> Vers le savoir-faire\u00a0:<\/b><\/span><\/h3>\n<h4 style=\"margin: 0; display: block; font-size: 19px; line-height: 1.2em; margin-bottom: 10px;\">Privil\u00e9gier une plus grande libert\u00e9 d\u2019expression pour aiguiser la prise de parole, l\u2019argumentation et le sens de l\u2019\u00e9coute, gr\u00e2ce \u00e0 des ateliers de th\u00e9\u00e2tre, de dessin, de po\u00e9sie\u2026<\/h4>\n<h3><span style=\"color: #ec7834;\"><b><img loading=\"lazy\" decoding=\"async\" class=\"alignnone size-full wp-image-2160\" src=\"https:\/\/lafarandole.ma\/wp-content\/uploads\/2021\/04\/ico-farondole.png\" alt=\"\" width=\"23\" height=\"17\" \/> Vers le savoir-penser\u00a0:<\/b><\/span><\/h3>\n<h4 style=\"margin: 0; display: block; font-size: 19px; line-height: 1.2em; margin-bottom: 10px;\">Construire chez l\u2019apprenant une habilit\u00e9 \u00e0 observer, analyser, recueillir des donn\u00e9es, formuler des questions, faire des d\u00e9ductions puis des choix r\u00e9fl\u00e9chis.<\/h4>\n<p>[\/vc_column_text][\/vc_column][vc_column width=\u00a0\u00bb1\/2&Prime;][vc_single_image image=\u00a0\u00bb2388&Prime; img_size=\u00a0\u00bbfull\u00a0\u00bb][\/vc_column][\/vc_row]<\/p>\n<\/div>","protected":false},"excerpt":{"rendered":"<p>[vc_row][vc_column width=\u00a0\u00bb1\/2&Prime;][vc_empty_space][vc_column_text] Vise \u00e0 inculquer \u00e0 chacun de nos \u00e9l\u00e8ves les enseignements \u00e0 approche biculturelle, pour construire et affirmer sa personnalit\u00e9 afin de devenir un Homme libre et responsable. Vers le savoir-\u00eatre\u00a0: Epanouir chaque personnalit\u00e9 dans ses dons particuliers et d\u00e9velopper chez tout-un-chacun le sens du civisme et des valeurs, notamment le respect d\u2019autrui, le&hellip;<\/p>\n","protected":false},"author":1,"featured_media":0,"parent":0,"menu_order":0,"comment_status":"closed","ping_status":"closed","template":"","meta":[],"class_list":["post-2236","page","type-page","status-publish","hentry","description-off"],"_links":{"self":[{"href":"https:\/\/lafarandole.ma\/index.php\/wp-json\/wp\/v2\/pages\/2236","targetHints":{"allow":["GET"]}}],"collection":[{"href":"https:\/\/lafarandole.ma\/index.php\/wp-json\/wp\/v2\/pages"}],"about":[{"href":"https:\/\/lafarandole.ma\/index.php\/wp-json\/wp\/v2\/types\/page"}],"author":[{"embeddable":true,"href":"https:\/\/lafarandole.ma\/index.php\/wp-json\/wp\/v2\/users\/1"}],"replies":[{"embeddable":true,"href":"https:\/\/lafarandole.ma\/index.php\/wp-json\/wp\/v2\/comments?post=2236"}],"version-history":[{"count":14,"href":"https:\/\/lafarandole.ma\/index.php\/wp-json\/wp\/v2\/pages\/2236\/revisions"}],"predecessor-version":[{"id":2615,"href":"https:\/\/lafarandole.ma\/index.php\/wp-json\/wp\/v2\/pages\/2236\/revisions\/2615"}],"wp:attachment":[{"href":"https:\/\/lafarandole.ma\/index.php\/wp-json\/wp\/v2\/media?parent=2236"}],"curies":[{"name":"wp","href":"https:\/\/api.w.org\/{rel}","templated":true}]}}